{"id":8829,"date":"2021-11-01T07:21:12","date_gmt":"2021-11-01T10:21:12","guid":{"rendered":"https:\/\/www.oticaleblon.com.br\/loja\/?page_id=8829"},"modified":"2021-11-01T07:24:54","modified_gmt":"2021-11-01T10:24:54","slug":"quem-somos","status":"publish","type":"page","link":"https:\/\/www.oticaleblon.com.br\/loja\/quem-somos\/","title":{"rendered":"Quem Somos"},"content":{"rendered":"<p>[vc_row][vc_column][vc_column_text]<\/p>\n<p>O site \u00d3TICA LEBLON \u00e9 o site de vendas das lojas \u00d3TICA LEBLON \u2013 Rio de Janeiro\/RJ , que atua no mercado \u00f3ptico desde 2002.<\/p>\n\n<p>Tanto no site quanto nas lojas f\u00edsicas voc\u00ea encontra os \u00f3culos que atendem ao seu gosto e necessidade, ou seja, produtos de qualidade, de diversas grifes, por \u00f3timos pre\u00e7os e condi\u00e7\u00f5es de pagamento.<\/p>\n\n<p>Com quatro unidades localizadas no Rio de Janeiro\/RJ, a \u00d3TICA LEBLON diferencia-se por oferecer atendimento humanizado e t\u00e9cnico. Uma mescla poss\u00edvel quando se prepara tecnicamente seus funcion\u00e1rios e se conhece cada cliente.<\/p>\n\n<p>Ainda n\u00e3o conhece a \u00d3TICA LEBLON? Venha nos fazer uma visita, queremos te conhecer.<\/p>\n<p><br \/>\n[\/vc_column_text][\/vc_column][\/vc_row]<\/p>\n","protected":false},"excerpt":{"rendered":"<p>[vc_row][vc_column][vc_column_text] O site \u00d3TICA LEBLON \u00e9 o site de vendas das lojas \u00d3TICA LEBLON \u2013 Rio de Janeiro\/RJ , que atua no mercado \u00f3ptico desde 2002. Tanto no site quanto nas lojas f\u00edsicas voc\u00ea encontra os \u00f3culos que atendem ao seu gosto e necessidade, ou seja, produtos de qualidade, de diversas grifes, por \u00f3timos pre\u00e7os [&hellip;]<\/p>\n","protected":false},"author":1,"featured_media":0,"parent":0,"menu_order":0,"comment_status":"closed","ping_status":"closed","template":"","meta":[],"yoast_head":"<!-- This site is optimized with the Yoast SEO plugin v17.4 - https:\/\/yoast.com\/wordpress\/plugins\/seo\/ -->\n<title>Quem Somos - \u00d3tica Leblon<\/title>\n<meta name=\"robots\" content=\"index, follow, max-snippet:-1, max-image-preview:large, max-video-preview:-1\" \/>\n<link rel=\"canonical\" href=\"https:\/\/www.oticaleblon.com.br\/loja\/quem-somos\/\" \/>\n<meta property=\"og:locale\" content=\"pt_BR\" \/>\n<meta property=\"og:type\" content=\"article\" \/>\n<meta property=\"og:title\" content=\"Quem Somos - \u00d3tica Leblon\" \/>\n<meta property=\"og:description\" content=\"[vc_row][vc_column][vc_column_text] O site \u00d3TICA LEBLON \u00e9 o site de vendas das lojas \u00d3TICA LEBLON \u2013 Rio de Janeiro\/RJ , que atua no mercado \u00f3ptico desde 2002. Tanto no site quanto nas lojas f\u00edsicas voc\u00ea encontra os \u00f3culos que atendem ao seu gosto e necessidade, ou seja, produtos de qualidade, de diversas grifes, por \u00f3timos pre\u00e7os [&hellip;]\" \/>\n<meta property=\"og:url\" content=\"https:\/\/www.oticaleblon.com.br\/loja\/quem-somos\/\" \/>\n<meta property=\"og:site_name\" content=\"\u00d3tica Leblon\" \/>\n<meta property=\"article:modified_time\" content=\"2021-11-01T10:24:54+00:00\" \/>\n<meta name=\"twitter:card\" content=\"summary_large_image\" \/>\n<meta name=\"twitter:label1\" content=\"Est. tempo de leitura\" \/>\n\t<meta name=\"twitter:data1\" content=\"1 minuto\" \/>\n<script type=\"application\/ld+json\" class=\"yoast-schema-graph\">{\"@context\":\"https:\/\/schema.org\",\"@graph\":[{\"@type\":\"WebSite\",\"@id\":\"https:\/\/www.oticaleblon.com.br\/loja\/#website\",\"url\":\"https:\/\/www.oticaleblon.com.br\/loja\/\",\"name\":\"\\u00d3tica Leblon\",\"description\":\"Sua \\u00d3tica na internet\",\"potentialAction\":[{\"@type\":\"SearchAction\",\"target\":{\"@type\":\"EntryPoint\",\"urlTemplate\":\"https:\/\/www.oticaleblon.com.br\/loja\/?s={search_term_string}\"},\"query-input\":\"required name=search_term_string\"}],\"inLanguage\":\"pt-BR\"},{\"@type\":\"WebPage\",\"@id\":\"https:\/\/www.oticaleblon.com.br\/loja\/quem-somos\/#webpage\",\"url\":\"https:\/\/www.oticaleblon.com.br\/loja\/quem-somos\/\",\"name\":\"Quem Somos - \\u00d3tica Leblon\",\"isPartOf\":{\"@id\":\"https:\/\/www.oticaleblon.com.br\/loja\/#website\"},\"datePublished\":\"2021-11-01T10:21:12+00:00\",\"dateModified\":\"2021-11-01T10:24:54+00:00\",\"breadcrumb\":{\"@id\":\"https:\/\/www.oticaleblon.com.br\/loja\/quem-somos\/#breadcrumb\"},\"inLanguage\":\"pt-BR\",\"potentialAction\":[{\"@type\":\"ReadAction\",\"target\":[\"https:\/\/www.oticaleblon.com.br\/loja\/quem-somos\/\"]}]},{\"@type\":\"BreadcrumbList\",\"@id\":\"https:\/\/www.oticaleblon.com.br\/loja\/quem-somos\/#breadcrumb\",\"itemListElement\":[{\"@type\":\"ListItem\",\"position\":1,\"name\":\"Home\",\"item\":\"https:\/\/www.oticaleblon.com.br\/loja\/\"},{\"@type\":\"ListItem\",\"position\":2,\"name\":\"Quem Somos\"}]}]}<\/script>\n<!-- \/ Yoast SEO plugin. -->","yoast_head_json":{"title":"Quem Somos - \u00d3tica Leblon","robots":{"index":"index","follow":"follow","max-snippet":"max-snippet:-1","max-image-preview":"max-image-preview:large","max-video-preview":"max-video-preview:-1"},"canonical":"https:\/\/www.oticaleblon.com.br\/loja\/quem-somos\/","og_locale":"pt_BR","og_type":"article","og_title":"Quem Somos - \u00d3tica Leblon","og_description":"[vc_row][vc_column][vc_column_text] O site \u00d3TICA LEBLON \u00e9 o site de vendas das lojas \u00d3TICA LEBLON \u2013 Rio de Janeiro\/RJ , que atua no mercado \u00f3ptico desde 2002. Tanto no site quanto nas lojas f\u00edsicas voc\u00ea encontra os \u00f3culos que atendem ao seu gosto e necessidade, ou seja, produtos de qualidade, de diversas grifes, por \u00f3timos pre\u00e7os [&hellip;]","og_url":"https:\/\/www.oticaleblon.com.br\/loja\/quem-somos\/","og_site_name":"\u00d3tica Leblon","article_modified_time":"2021-11-01T10:24:54+00:00","twitter_card":"summary_large_image","twitter_misc":{"Est. tempo de leitura":"1 minuto"},"schema":{"@context":"https:\/\/schema.org","@graph":[{"@type":"WebSite","@id":"https:\/\/www.oticaleblon.com.br\/loja\/#website","url":"https:\/\/www.oticaleblon.com.br\/loja\/","name":"\u00d3tica Leblon","description":"Sua \u00d3tica na internet","potentialAction":[{"@type":"SearchAction","target":{"@type":"EntryPoint","urlTemplate":"https:\/\/www.oticaleblon.com.br\/loja\/?s={search_term_string}"},"query-input":"required name=search_term_string"}],"inLanguage":"pt-BR"},{"@type":"WebPage","@id":"https:\/\/www.oticaleblon.com.br\/loja\/quem-somos\/#webpage","url":"https:\/\/www.oticaleblon.com.br\/loja\/quem-somos\/","name":"Quem Somos - \u00d3tica Leblon","isPartOf":{"@id":"https:\/\/www.oticaleblon.com.br\/loja\/#website"},"datePublished":"2021-11-01T10:21:12+00:00","dateModified":"2021-11-01T10:24:54+00:00","breadcrumb":{"@id":"https:\/\/www.oticaleblon.com.br\/loja\/quem-somos\/#breadcrumb"},"inLanguage":"pt-BR","potentialAction":[{"@type":"ReadAction","target":["https:\/\/www.oticaleblon.com.br\/loja\/quem-somos\/"]}]},{"@type":"BreadcrumbList","@id":"https:\/\/www.oticaleblon.com.br\/loja\/quem-somos\/#breadcrumb","itemListElement":[{"@type":"ListItem","position":1,"name":"Home","item":"https:\/\/www.oticaleblon.com.br\/loja\/"},{"@type":"ListItem","position":2,"name":"Quem Somos"}]}]}},"_links":{"self":[{"href":"https:\/\/www.oticaleblon.com.br\/loja\/wp-json\/wp\/v2\/pages\/8829"}],"collection":[{"href":"https:\/\/www.oticaleblon.com.br\/loja\/wp-json\/wp\/v2\/pages"}],"about":[{"href":"https:\/\/www.oticaleblon.com.br\/loja\/wp-json\/wp\/v2\/types\/page"}],"author":[{"embeddable":true,"href":"https:\/\/www.oticaleblon.com.br\/loja\/wp-json\/wp\/v2\/users\/1"}],"replies":[{"embeddable":true,"href":"https:\/\/www.oticaleblon.com.br\/loja\/wp-json\/wp\/v2\/comments?post=8829"}],"version-history":[{"count":2,"href":"https:\/\/www.oticaleblon.com.br\/loja\/wp-json\/wp\/v2\/pages\/8829\/revisions"}],"predecessor-version":[{"id":8831,"href":"https:\/\/www.oticaleblon.com.br\/loja\/wp-json\/wp\/v2\/pages\/8829\/revisions\/8831"}],"wp:attachment":[{"href":"https:\/\/www.oticaleblon.com.br\/loja\/wp-json\/wp\/v2\/media?parent=8829"}],"curies":[{"name":"wp","href":"https:\/\/api.w.org\/{rel}","templated":true}]}}