{"id":8834,"date":"2021-11-01T07:57:39","date_gmt":"2021-11-01T10:57:39","guid":{"rendered":"https:\/\/www.oticaleblon.com.br\/loja\/?page_id=8834"},"modified":"2021-11-01T07:57:39","modified_gmt":"2021-11-01T10:57:39","slug":"frete","status":"publish","type":"page","link":"https:\/\/www.oticaleblon.com.br\/loja\/frete\/","title":{"rendered":"Pol\u00edtica de Frete"},"content":{"rendered":"\n<p>A \u00d3TICA LEBLON oferece os sistemas de entregas Pac e Sedex, ambos prestados pela Empresa Brasileira de Correios e Tel\u00e9grafos \u2013 Correios. O valor a ser calculado ser\u00e1 com base no endere\u00e7o em que o cliente colocar para entrega dos produtos. Ap\u00f3s informar o endere\u00e7o completo, o sistema calcular\u00e1 o valor cobrado pelos Correios, esse valor varia de acordo com peso e dimens\u00f5es dos produtos adquiridos. Entregamos para todo territ\u00f3rio nacional.<br>Prazo de Entrega e Valor de Frete<\/p>\n\n\n\n<p>O prazo de entrega e valor do frete variam de acordo com o endere\u00e7o informado para entrega do produto. O peso do pedido e a quantidade de produtos adquiridos tamb\u00e9m influenciam no valor do frete, por\u00e9m n\u00e3o no prazo de entrega. O envio dos produtos ocorrer\u00e1 em at\u00e9 24 horas ap\u00f3s confirma\u00e7\u00e3o de pagamento.<\/p>\n\n\n\n<p>Os dados cadastrais informados s\u00e3o de total responsabilidade do cliente. Caso o endere\u00e7o de entrega informado na realiza\u00e7\u00e3o do pedido esteja errado ou incompleto, havendo devolu\u00e7\u00e3o pelos Correios, o frete ser\u00e1 cobrado novamente do cliente para que o pedido seja reenviado, caso seja solicitado o reembolso, o valor correspondente ao frete n\u00e3o ser\u00e1 restitu\u00eddo, apenas o valor referente aos produtos, o mesmo se aplica ap\u00f3s 3 (tr\u00eas) tentativas frustradas de entrega no endere\u00e7o informado.<\/p>\n\n\n\n<p>Aten\u00e7\u00e3o: O prazo de entrega est\u00e1 sujeito a eventuais atrasos em fun\u00e7\u00e3o de condi\u00e7\u00f5es clim\u00e1ticas, tr\u00e1fego de aeroportos, greve dos Correios, datas festivas, condi\u00e7\u00f5es das rodovias e outros motivos de for\u00e7a maior. O cumprimento do prazo de entrega \u00e9 de inteira responsabilidade dos Correios, n\u00e3o nos responsabilizamos por atrasos de entrega, por\u00e9m em caso de problemas comunique nossa Central de Atendimento, para que possamos averiguar junto aos Correios e tentar resolver eventuais problemas.<\/p>\n","protected":false},"excerpt":{"rendered":"<p>A \u00d3TICA LEBLON oferece os sistemas de entregas Pac e Sedex, ambos prestados pela Empresa Brasileira de Correios e Tel\u00e9grafos \u2013 Correios. O valor a ser calculado ser\u00e1 com base no endere\u00e7o em que o cliente colocar para entrega dos produtos. Ap\u00f3s informar o endere\u00e7o completo, o sistema calcular\u00e1 o valor cobrado pelos Correios, esse [&hellip;]<\/p>\n","protected":false},"author":1,"featured_media":0,"parent":0,"menu_order":0,"comment_status":"closed","ping_status":"closed","template":"","meta":[],"yoast_head":"<!-- This site is optimized with the Yoast SEO plugin v17.4 - https:\/\/yoast.com\/wordpress\/plugins\/seo\/ -->\n<title>Pol\u00edtica de Frete - \u00d3tica Leblon<\/title>\n<meta name=\"robots\" content=\"index, follow, max-snippet:-1, max-image-preview:large, max-video-preview:-1\" \/>\n<link rel=\"canonical\" href=\"https:\/\/www.oticaleblon.com.br\/loja\/frete\/\" \/>\n<meta property=\"og:locale\" content=\"pt_BR\" \/>\n<meta property=\"og:type\" content=\"article\" \/>\n<meta property=\"og:title\" content=\"Pol\u00edtica de Frete - \u00d3tica Leblon\" \/>\n<meta property=\"og:description\" content=\"A \u00d3TICA LEBLON oferece os sistemas de entregas Pac e Sedex, ambos prestados pela Empresa Brasileira de Correios e Tel\u00e9grafos \u2013 Correios. O valor a ser calculado ser\u00e1 com base no endere\u00e7o em que o cliente colocar para entrega dos produtos. Ap\u00f3s informar o endere\u00e7o completo, o sistema calcular\u00e1 o valor cobrado pelos Correios, esse [&hellip;]\" \/>\n<meta property=\"og:url\" content=\"https:\/\/www.oticaleblon.com.br\/loja\/frete\/\" \/>\n<meta property=\"og:site_name\" content=\"\u00d3tica Leblon\" \/>\n<meta name=\"twitter:card\" content=\"summary_large_image\" \/>\n<meta name=\"twitter:label1\" content=\"Est. tempo de leitura\" \/>\n\t<meta name=\"twitter:data1\" content=\"2 minutos\" \/>\n<script type=\"application\/ld+json\" class=\"yoast-schema-graph\">{\"@context\":\"https:\/\/schema.org\",\"@graph\":[{\"@type\":\"WebSite\",\"@id\":\"https:\/\/www.oticaleblon.com.br\/loja\/#website\",\"url\":\"https:\/\/www.oticaleblon.com.br\/loja\/\",\"name\":\"\\u00d3tica Leblon\",\"description\":\"Sua \\u00d3tica na internet\",\"potentialAction\":[{\"@type\":\"SearchAction\",\"target\":{\"@type\":\"EntryPoint\",\"urlTemplate\":\"https:\/\/www.oticaleblon.com.br\/loja\/?s={search_term_string}\"},\"query-input\":\"required name=search_term_string\"}],\"inLanguage\":\"pt-BR\"},{\"@type\":\"WebPage\",\"@id\":\"https:\/\/www.oticaleblon.com.br\/loja\/frete\/#webpage\",\"url\":\"https:\/\/www.oticaleblon.com.br\/loja\/frete\/\",\"name\":\"Pol\\u00edtica de Frete - \\u00d3tica Leblon\",\"isPartOf\":{\"@id\":\"https:\/\/www.oticaleblon.com.br\/loja\/#website\"},\"datePublished\":\"2021-11-01T10:57:39+00:00\",\"dateModified\":\"2021-11-01T10:57:39+00:00\",\"breadcrumb\":{\"@id\":\"https:\/\/www.oticaleblon.com.br\/loja\/frete\/#breadcrumb\"},\"inLanguage\":\"pt-BR\",\"potentialAction\":[{\"@type\":\"ReadAction\",\"target\":[\"https:\/\/www.oticaleblon.com.br\/loja\/frete\/\"]}]},{\"@type\":\"BreadcrumbList\",\"@id\":\"https:\/\/www.oticaleblon.com.br\/loja\/frete\/#breadcrumb\",\"itemListElement\":[{\"@type\":\"ListItem\",\"position\":1,\"name\":\"Home\",\"item\":\"https:\/\/www.oticaleblon.com.br\/loja\/\"},{\"@type\":\"ListItem\",\"position\":2,\"name\":\"Pol\\u00edtica de Frete\"}]}]}<\/script>\n<!-- \/ Yoast SEO plugin. -->","yoast_head_json":{"title":"Pol\u00edtica de Frete - \u00d3tica Leblon","robots":{"index":"index","follow":"follow","max-snippet":"max-snippet:-1","max-image-preview":"max-image-preview:large","max-video-preview":"max-video-preview:-1"},"canonical":"https:\/\/www.oticaleblon.com.br\/loja\/frete\/","og_locale":"pt_BR","og_type":"article","og_title":"Pol\u00edtica de Frete - \u00d3tica Leblon","og_description":"A \u00d3TICA LEBLON oferece os sistemas de entregas Pac e Sedex, ambos prestados pela Empresa Brasileira de Correios e Tel\u00e9grafos \u2013 Correios. O valor a ser calculado ser\u00e1 com base no endere\u00e7o em que o cliente colocar para entrega dos produtos. Ap\u00f3s informar o endere\u00e7o completo, o sistema calcular\u00e1 o valor cobrado pelos Correios, esse [&hellip;]","og_url":"https:\/\/www.oticaleblon.com.br\/loja\/frete\/","og_site_name":"\u00d3tica Leblon","twitter_card":"summary_large_image","twitter_misc":{"Est. tempo de leitura":"2 minutos"},"schema":{"@context":"https:\/\/schema.org","@graph":[{"@type":"WebSite","@id":"https:\/\/www.oticaleblon.com.br\/loja\/#website","url":"https:\/\/www.oticaleblon.com.br\/loja\/","name":"\u00d3tica Leblon","description":"Sua \u00d3tica na internet","potentialAction":[{"@type":"SearchAction","target":{"@type":"EntryPoint","urlTemplate":"https:\/\/www.oticaleblon.com.br\/loja\/?s={search_term_string}"},"query-input":"required name=search_term_string"}],"inLanguage":"pt-BR"},{"@type":"WebPage","@id":"https:\/\/www.oticaleblon.com.br\/loja\/frete\/#webpage","url":"https:\/\/www.oticaleblon.com.br\/loja\/frete\/","name":"Pol\u00edtica de Frete - \u00d3tica Leblon","isPartOf":{"@id":"https:\/\/www.oticaleblon.com.br\/loja\/#website"},"datePublished":"2021-11-01T10:57:39+00:00","dateModified":"2021-11-01T10:57:39+00:00","breadcrumb":{"@id":"https:\/\/www.oticaleblon.com.br\/loja\/frete\/#breadcrumb"},"inLanguage":"pt-BR","potentialAction":[{"@type":"ReadAction","target":["https:\/\/www.oticaleblon.com.br\/loja\/frete\/"]}]},{"@type":"BreadcrumbList","@id":"https:\/\/www.oticaleblon.com.br\/loja\/frete\/#breadcrumb","itemListElement":[{"@type":"ListItem","position":1,"name":"Home","item":"https:\/\/www.oticaleblon.com.br\/loja\/"},{"@type":"ListItem","position":2,"name":"Pol\u00edtica de Frete"}]}]}},"_links":{"self":[{"href":"https:\/\/www.oticaleblon.com.br\/loja\/wp-json\/wp\/v2\/pages\/8834"}],"collection":[{"href":"https:\/\/www.oticaleblon.com.br\/loja\/wp-json\/wp\/v2\/pages"}],"about":[{"href":"https:\/\/www.oticaleblon.com.br\/loja\/wp-json\/wp\/v2\/types\/page"}],"author":[{"embeddable":true,"href":"https:\/\/www.oticaleblon.com.br\/loja\/wp-json\/wp\/v2\/users\/1"}],"replies":[{"embeddable":true,"href":"https:\/\/www.oticaleblon.com.br\/loja\/wp-json\/wp\/v2\/comments?post=8834"}],"version-history":[{"count":1,"href":"https:\/\/www.oticaleblon.com.br\/loja\/wp-json\/wp\/v2\/pages\/8834\/revisions"}],"predecessor-version":[{"id":8835,"href":"https:\/\/www.oticaleblon.com.br\/loja\/wp-json\/wp\/v2\/pages\/8834\/revisions\/8835"}],"wp:attachment":[{"href":"https:\/\/www.oticaleblon.com.br\/loja\/wp-json\/wp\/v2\/media?parent=8834"}],"curies":[{"name":"wp","href":"https:\/\/api.w.org\/{rel}","templated":true}]}}