{"id":8841,"date":"2021-11-01T08:14:46","date_gmt":"2021-11-01T11:14:46","guid":{"rendered":"https:\/\/www.oticaleblon.com.br\/loja\/?page_id=8841"},"modified":"2021-11-01T08:14:47","modified_gmt":"2021-11-01T11:14:47","slug":"formas-de-pagamento","status":"publish","type":"page","link":"https:\/\/www.oticaleblon.com.br\/loja\/formas-de-pagamento\/","title":{"rendered":"Formas de Pagamento"},"content":{"rendered":"\n<p>Na \u00d3tica Leblon reunimos os melhores meios de pagamento para que voc\u00ea tenha \u00e0 m\u00e3o v\u00e1rias alternativas para pagar as suas compras.<\/p>\n\n\n\n<h2>Cart\u00e3o de cr\u00e9dito em at\u00e9 12 vezes para compras online<\/h2>\n\n\n\n<p>Digite os dados do seu cart\u00e3o de cr\u00e9dito quando for pagar e pronto! Na pr\u00f3xima vez que quiser usar este cart\u00e3o, s\u00f3 pediremos o c\u00f3digo de seguran\u00e7a. Cart\u00f5es aceitos:<\/p>\n\n\n\n<ul><li>Visa<\/li><li>Mastercard<\/li><li>Hipercard<\/li><li>American Express<\/li><li>Diners<\/li><li>Elo<\/li><li>Cart\u00e3o MercadoLivre<\/li><\/ul>\n\n\n\n<p><em>&nbsp;<\/em>&nbsp;Aprova\u00e7\u00e3o&nbsp;instant\u00e2nea.<\/p>\n\n\n\n<p>Em alguns tipos de pagamentos, voc\u00ea ainda pode parcelar em at\u00e9 12 vezes sem juros. Nos casos em que o vendedor n\u00e3o aceite esta op\u00e7\u00e3o, os&nbsp;<a href=\"https:\/\/www.mercadopago.com.br\/ajuda\/Custos-de-parcelamento_322\">custos variam de acordo com o n\u00famero de parcelas<\/a>.<\/p>\n\n\n\n<h2>PIX<\/h2>\n\n\n\n<p>Pague pelo seu app de pagamentos preferido ou pelo Internet Banking.<\/p>\n\n\n\n<p><em>&nbsp;<\/em> Aprova\u00e7\u00e3o imediata.<\/p>\n\n\n\n<p>Voc\u00ea pode pagar com o <a href=\"https:\/\/www.mercadopago.com.br\/ajuda\/17987\">c\u00f3digo QR do Pix<\/a> ou <a href=\"https:\/\/www.mercadopago.com.br\/ajuda\/18019\">via Pix Copia e Cola<\/a>.<\/p>\n\n\n\n<h2>Cart\u00e3o de d\u00e9bito virtual Caixa<\/h2>\n\n\n\n<p>Use o Aux\u00edlio Emergencial para pagar o que precisar.<\/p>\n\n\n\n<p>Preencha os dados completos apenas uma vez e nas suas futuras compras vamos pedir somente o c\u00f3digo de seguran\u00e7a.<\/p>\n\n\n\n<p><em>&nbsp;<\/em> Aprova\u00e7\u00e3o imediata.<\/p>\n\n\n\n<p><a href=\"https:\/\/www.mercadopago.com.br\/ajuda\/16452\">Confira todos os detalhes<\/a> sobre a cria\u00e7\u00e3o deste cart\u00e3o e como funciona.<\/p>\n\n\n\n<h2>\u00c0 vista com boleto banc\u00e1rio<\/h2>\n\n\n\n<p>Contaremos como fazer o pagamento. Voc\u00ea pode ir ao banco, correspondentes banc\u00e1rios ou pagar online e evitar filas.<\/p>\n\n\n\n<p>Lembre-se, nunca pague um boleto enviado pelo vendedor. Ao finalizar a compra, imprima o seu pr\u00f3prio boleto.<\/p>\n\n\n\n<ul><li>Boleto<\/li><\/ul>\n\n\n\n<p><em>&nbsp;<\/em> Assim que voc\u00ea pagar, ser\u00e1 aprovado <strong>entre 1 e 2 dias \u00fateis<\/strong>.<br>A identifica\u00e7\u00e3o ocorrer\u00e1 at\u00e9 as 18h do segundo dia \u00fatil.<\/p>\n\n\n\n<p>Em quais casos pode demorar 2 dias \u00fateis?<\/p>\n\n\n\n<ul><li><strong>Pagamentos realizados no fim de semana<\/strong> ser\u00e3o identificados at\u00e9 as 18h da ter\u00e7a-feira.<\/li><li><strong>Em caso de feriados<\/strong>, ser\u00e1 identificado at\u00e9 \u00e0s 18h do segundo dia \u00fatil subsequente ao feriado.<\/li><li>Pagamentos realizados em correspondentes banc\u00e1rios, como casas lot\u00e9ricas, supermercados e outros podem ultrapassar este prazo.<\/li><li><strong>Todos os pagamentos feitos ap\u00f3s as 23h.<\/strong><\/li><\/ul>\n\n\n\n<h2>Pagamentos com PEC (em lot\u00e9ricas)<\/h2>\n\n\n\n<p>Ao concluir a sua compra, daremos as informa\u00e7\u00f5es necess\u00e1rias para que voc\u00ea possa efetuar o pagamento em Lot\u00e9ricas e Correspondentes CAIXA. Para isso, voc\u00ea n\u00e3o precisa apresentar o boleto, apenas o <strong>N\u00famero Mercado Pago<\/strong>, indicado ap\u00f3s a sele\u00e7\u00e3o do <strong>Pagamento Eletr\u00f4nico Caixa (PEC)<\/strong> como forma de pagamento, e o seu <strong>CPF<\/strong>.<\/p>\n\n\n\n<p>Outras pessoas tamb\u00e9m podem fazer o pagamento nas Lot\u00e9ricas e Correspondentes CAIXA para voc\u00ea, desde que levem o N\u00famero Mercado Pago e o n\u00famero do seu CPF.<\/p>\n\n\n\n<p><em>&nbsp;<\/em> Pagamentos feitos das 7h \u00e0s 21h ser\u00e3o aprovados em menos de 1 hora, no mesmo dia.<\/p>\n\n\n\n<p><em>&nbsp;<\/em>&nbsp;Para pagamentos feitos ap\u00f3s 21h, a aprova\u00e7\u00e3o ser\u00e1 no pr\u00f3ximo dia \u00fatil, pela manh\u00e3.<\/p>\n\n\n\n<h2>Com saldo pr\u00e9-adicionado na sua conta do Mercado Pago<\/h2>\n\n\n\n<p>Antecipar-se e adicionar saldo \u00e0 sua conta do Mercado Pago \u00e9 muito \u00fatil, porque no momento da compra o seu pagamento ser\u00e1 aprovado instantaneamente.<\/p>\n\n\n\n<p>Voc\u00ea pode <a href=\"https:\/\/www.mercadopago.com\/mlb\/fund\">adicionar saldo<\/a> com qualquer um dos meios de pagamento \u00e0 vista.<\/p>\n\n\n\n<p><em>&nbsp;<\/em> Aprova\u00e7\u00e3o instant\u00e2nea. <em>&nbsp;<\/em> Sem custo adicional.<\/p>\n","protected":false},"excerpt":{"rendered":"<p>Na \u00d3tica Leblon reunimos os melhores meios de pagamento para que voc\u00ea tenha \u00e0 m\u00e3o v\u00e1rias alternativas para pagar as suas compras. Cart\u00e3o de cr\u00e9dito em at\u00e9 12 vezes para compras online Digite os dados do seu cart\u00e3o de cr\u00e9dito quando for pagar e pronto! Na pr\u00f3xima vez que quiser usar este cart\u00e3o, s\u00f3 pediremos [&hellip;]<\/p>\n","protected":false},"author":1,"featured_media":0,"parent":0,"menu_order":0,"comment_status":"closed","ping_status":"closed","template":"","meta":[],"yoast_head":"<!-- This site is optimized with the Yoast SEO plugin v17.4 - https:\/\/yoast.com\/wordpress\/plugins\/seo\/ -->\n<title>Formas de Pagamento - \u00d3tica Leblon<\/title>\n<meta name=\"robots\" content=\"index, follow, max-snippet:-1, max-image-preview:large, max-video-preview:-1\" \/>\n<link rel=\"canonical\" href=\"https:\/\/www.oticaleblon.com.br\/loja\/formas-de-pagamento\/\" \/>\n<meta property=\"og:locale\" content=\"pt_BR\" \/>\n<meta property=\"og:type\" content=\"article\" \/>\n<meta property=\"og:title\" content=\"Formas de Pagamento - \u00d3tica Leblon\" \/>\n<meta property=\"og:description\" content=\"Na \u00d3tica Leblon reunimos os melhores meios de pagamento para que voc\u00ea tenha \u00e0 m\u00e3o v\u00e1rias alternativas para pagar as suas compras. Cart\u00e3o de cr\u00e9dito em at\u00e9 12 vezes para compras online Digite os dados do seu cart\u00e3o de cr\u00e9dito quando for pagar e pronto! Na pr\u00f3xima vez que quiser usar este cart\u00e3o, s\u00f3 pediremos [&hellip;]\" \/>\n<meta property=\"og:url\" content=\"https:\/\/www.oticaleblon.com.br\/loja\/formas-de-pagamento\/\" \/>\n<meta property=\"og:site_name\" content=\"\u00d3tica Leblon\" \/>\n<meta property=\"article:modified_time\" content=\"2021-11-01T11:14:47+00:00\" \/>\n<meta name=\"twitter:card\" content=\"summary_large_image\" \/>\n<meta name=\"twitter:label1\" content=\"Est. tempo de leitura\" \/>\n\t<meta name=\"twitter:data1\" content=\"3 minutos\" \/>\n<script type=\"application\/ld+json\" class=\"yoast-schema-graph\">{\"@context\":\"https:\/\/schema.org\",\"@graph\":[{\"@type\":\"WebSite\",\"@id\":\"https:\/\/www.oticaleblon.com.br\/loja\/#website\",\"url\":\"https:\/\/www.oticaleblon.com.br\/loja\/\",\"name\":\"\\u00d3tica Leblon\",\"description\":\"Sua \\u00d3tica na internet\",\"potentialAction\":[{\"@type\":\"SearchAction\",\"target\":{\"@type\":\"EntryPoint\",\"urlTemplate\":\"https:\/\/www.oticaleblon.com.br\/loja\/?s={search_term_string}\"},\"query-input\":\"required name=search_term_string\"}],\"inLanguage\":\"pt-BR\"},{\"@type\":\"WebPage\",\"@id\":\"https:\/\/www.oticaleblon.com.br\/loja\/formas-de-pagamento\/#webpage\",\"url\":\"https:\/\/www.oticaleblon.com.br\/loja\/formas-de-pagamento\/\",\"name\":\"Formas de Pagamento - \\u00d3tica Leblon\",\"isPartOf\":{\"@id\":\"https:\/\/www.oticaleblon.com.br\/loja\/#website\"},\"datePublished\":\"2021-11-01T11:14:46+00:00\",\"dateModified\":\"2021-11-01T11:14:47+00:00\",\"breadcrumb\":{\"@id\":\"https:\/\/www.oticaleblon.com.br\/loja\/formas-de-pagamento\/#breadcrumb\"},\"inLanguage\":\"pt-BR\",\"potentialAction\":[{\"@type\":\"ReadAction\",\"target\":[\"https:\/\/www.oticaleblon.com.br\/loja\/formas-de-pagamento\/\"]}]},{\"@type\":\"BreadcrumbList\",\"@id\":\"https:\/\/www.oticaleblon.com.br\/loja\/formas-de-pagamento\/#breadcrumb\",\"itemListElement\":[{\"@type\":\"ListItem\",\"position\":1,\"name\":\"Home\",\"item\":\"https:\/\/www.oticaleblon.com.br\/loja\/\"},{\"@type\":\"ListItem\",\"position\":2,\"name\":\"Formas de Pagamento\"}]}]}<\/script>\n<!-- \/ Yoast SEO plugin. -->","yoast_head_json":{"title":"Formas de Pagamento - \u00d3tica Leblon","robots":{"index":"index","follow":"follow","max-snippet":"max-snippet:-1","max-image-preview":"max-image-preview:large","max-video-preview":"max-video-preview:-1"},"canonical":"https:\/\/www.oticaleblon.com.br\/loja\/formas-de-pagamento\/","og_locale":"pt_BR","og_type":"article","og_title":"Formas de Pagamento - \u00d3tica Leblon","og_description":"Na \u00d3tica Leblon reunimos os melhores meios de pagamento para que voc\u00ea tenha \u00e0 m\u00e3o v\u00e1rias alternativas para pagar as suas compras. Cart\u00e3o de cr\u00e9dito em at\u00e9 12 vezes para compras online Digite os dados do seu cart\u00e3o de cr\u00e9dito quando for pagar e pronto! Na pr\u00f3xima vez que quiser usar este cart\u00e3o, s\u00f3 pediremos [&hellip;]","og_url":"https:\/\/www.oticaleblon.com.br\/loja\/formas-de-pagamento\/","og_site_name":"\u00d3tica Leblon","article_modified_time":"2021-11-01T11:14:47+00:00","twitter_card":"summary_large_image","twitter_misc":{"Est. tempo de leitura":"3 minutos"},"schema":{"@context":"https:\/\/schema.org","@graph":[{"@type":"WebSite","@id":"https:\/\/www.oticaleblon.com.br\/loja\/#website","url":"https:\/\/www.oticaleblon.com.br\/loja\/","name":"\u00d3tica Leblon","description":"Sua \u00d3tica na internet","potentialAction":[{"@type":"SearchAction","target":{"@type":"EntryPoint","urlTemplate":"https:\/\/www.oticaleblon.com.br\/loja\/?s={search_term_string}"},"query-input":"required name=search_term_string"}],"inLanguage":"pt-BR"},{"@type":"WebPage","@id":"https:\/\/www.oticaleblon.com.br\/loja\/formas-de-pagamento\/#webpage","url":"https:\/\/www.oticaleblon.com.br\/loja\/formas-de-pagamento\/","name":"Formas de Pagamento - \u00d3tica Leblon","isPartOf":{"@id":"https:\/\/www.oticaleblon.com.br\/loja\/#website"},"datePublished":"2021-11-01T11:14:46+00:00","dateModified":"2021-11-01T11:14:47+00:00","breadcrumb":{"@id":"https:\/\/www.oticaleblon.com.br\/loja\/formas-de-pagamento\/#breadcrumb"},"inLanguage":"pt-BR","potentialAction":[{"@type":"ReadAction","target":["https:\/\/www.oticaleblon.com.br\/loja\/formas-de-pagamento\/"]}]},{"@type":"BreadcrumbList","@id":"https:\/\/www.oticaleblon.com.br\/loja\/formas-de-pagamento\/#breadcrumb","itemListElement":[{"@type":"ListItem","position":1,"name":"Home","item":"https:\/\/www.oticaleblon.com.br\/loja\/"},{"@type":"ListItem","position":2,"name":"Formas de Pagamento"}]}]}},"_links":{"self":[{"href":"https:\/\/www.oticaleblon.com.br\/loja\/wp-json\/wp\/v2\/pages\/8841"}],"collection":[{"href":"https:\/\/www.oticaleblon.com.br\/loja\/wp-json\/wp\/v2\/pages"}],"about":[{"href":"https:\/\/www.oticaleblon.com.br\/loja\/wp-json\/wp\/v2\/types\/page"}],"author":[{"embeddable":true,"href":"https:\/\/www.oticaleblon.com.br\/loja\/wp-json\/wp\/v2\/users\/1"}],"replies":[{"embeddable":true,"href":"https:\/\/www.oticaleblon.com.br\/loja\/wp-json\/wp\/v2\/comments?post=8841"}],"version-history":[{"count":2,"href":"https:\/\/www.oticaleblon.com.br\/loja\/wp-json\/wp\/v2\/pages\/8841\/revisions"}],"predecessor-version":[{"id":8843,"href":"https:\/\/www.oticaleblon.com.br\/loja\/wp-json\/wp\/v2\/pages\/8841\/revisions\/8843"}],"wp:attachment":[{"href":"https:\/\/www.oticaleblon.com.br\/loja\/wp-json\/wp\/v2\/media?parent=8841"}],"curies":[{"name":"wp","href":"https:\/\/api.w.org\/{rel}","templated":true}]}}