{"id":10764,"date":"2024-07-15T11:32:37","date_gmt":"2024-07-15T14:32:37","guid":{"rendered":"https:\/\/www.oticaleblon.com.br\/loja\/?post_type=product&#038;p=10764"},"modified":"2024-07-15T11:34:07","modified_gmt":"2024-07-15T14:34:07","slug":"oculos-quadrado-verde-transparente-leblon","status":"publish","type":"product","link":"https:\/\/www.oticaleblon.com.br\/loja\/product\/oculos-quadrado-verde-transparente-leblon\/","title":{"rendered":"\u00d3culos Quadrado Verde Transparente &#8211; Leblon"},"content":{"rendered":"<p>A \u00d3tica Leblon que garante a qualidade do produto, produzidos geralmente em metal ou acetato. Selecione o modelo que mais lhe agrada e invista em voc\u00ea com o \u00f3culos que cabe no seu bolso.<\/p>\n<p>Passos para comprar \u00d3culos de Grau:<br \/>\n1 &#8211; Escolha a arma\u00e7\u00e3o e adicione ao carrinho de compras.<br \/>\n2 &#8211; Escolha as lentes e adicione ao carrinho de compras.<br \/>\n3 &#8211; Entre em contato via Whatsapp com um de nossos consultores para enviar a prescri\u00e7\u00e3o e tirar as medidas on-line.<br \/>\n4 &#8211; Escolha a melhor forma de pagamento e complete seu pedido<\/p>\n<p>Marca \u2013 Leblon<br \/>\nMaterial \u2013 Acetato<br \/>\nIndica\u00e7\u00e3o \u2013 Lentes de Grau<br \/>\nGarantia \u2013 90 dias<br \/>\nEstojo e Flanela \u2013 Incluso<br \/>\nCor\u00a0 \u2013 Verde Transparente<br \/>\nRefer\u00eancia \u2013 XB2118 C5<br \/>\nMedidas da arma\u00e7\u00e3o:<br \/>\nAro: 47<br \/>\nPonte: 23<br \/>\nVertical: 39<br \/>\nHaste: 148<\/p>\n","protected":false},"excerpt":{"rendered":"<p>\u00d3culos em Acetato para qualquer tipo de grau e que se adapta em qualquer tipo de rosto.<\/p>\n<p>Provador virtual<br \/>\nExperimente nossos modelos de forma f\u00e1cil e sem sair de casa, clicando no Bot\u00e3o &#8220;Provedor Virtual&#8221;.<\/p>\n<p>Pague com:<br \/>\n1- Pix<br \/>\n2- Cart\u00f5es de cr\u00e9dito em at\u00e9 24 vezes.<br \/>\n3- Cart\u00e3o de d\u00e9bito ou<br \/>\n4- Boleto Banc\u00e1rio<\/p>\n","protected":false},"featured_media":10768,"comment_status":"open","ping_status":"closed","template":"","meta":[],"product_cat":[159,99,43,100],"product_tag":[],"yoast_head":"<!-- This site is optimized with the Yoast SEO plugin v17.4 - https:\/\/yoast.com\/wordpress\/plugins\/seo\/ -->\n<title>\u00d3culos Quadrado Verde Transparente - Leblon - \u00d3tica Leblon<\/title>\n<meta name=\"description\" content=\"\u00d3culos retangular preto em acetato para qualquer tipo de grau e que se adapta em qualquer tipo de rosto. A \u00d3tica Leblon garante a qualidade do produto, produzidos geralmente em metal ou acetato.\" \/>\n<meta name=\"robots\" content=\"index, follow, max-snippet:-1, max-image-preview:large, max-video-preview:-1\" \/>\n<link rel=\"canonical\" href=\"https:\/\/www.oticaleblon.com.br\/loja\/product\/oculos-quadrado-verde-transparente-leblon\/\" \/>\n<meta property=\"og:locale\" content=\"pt_BR\" \/>\n<meta property=\"og:type\" content=\"article\" \/>\n<meta property=\"og:title\" content=\"\u00d3culos Quadrado Verde Transparente - Leblon - \u00d3tica Leblon\" \/>\n<meta property=\"og:description\" content=\"\u00d3culos retangular preto em acetato para qualquer tipo de grau e que se adapta em qualquer tipo de rosto. A \u00d3tica Leblon garante a qualidade do produto, produzidos geralmente em metal ou acetato.\" \/>\n<meta property=\"og:url\" content=\"https:\/\/www.oticaleblon.com.br\/loja\/product\/oculos-quadrado-verde-transparente-leblon\/\" \/>\n<meta property=\"og:site_name\" content=\"\u00d3tica Leblon\" \/>\n<meta property=\"article:modified_time\" content=\"2024-07-15T14:34:07+00:00\" \/>\n<meta property=\"og:image\" content=\"https:\/\/www.oticaleblon.com.br\/loja\/wp-content\/uploads\/2024\/07\/XB2118-C5.png\" \/>\n\t<meta property=\"og:image:width\" content=\"1080\" \/>\n\t<meta property=\"og:image:height\" content=\"1080\" \/>\n<meta name=\"twitter:card\" content=\"summary_large_image\" \/>\n<meta name=\"twitter:label1\" content=\"Est. tempo de leitura\" \/>\n\t<meta name=\"twitter:data1\" content=\"1 minuto\" \/>\n<script type=\"application\/ld+json\" class=\"yoast-schema-graph\">{\"@context\":\"https:\/\/schema.org\",\"@graph\":[{\"@type\":\"WebSite\",\"@id\":\"https:\/\/www.oticaleblon.com.br\/loja\/#website\",\"url\":\"https:\/\/www.oticaleblon.com.br\/loja\/\",\"name\":\"\\u00d3tica Leblon\",\"description\":\"Sua \\u00d3tica na internet\",\"potentialAction\":[{\"@type\":\"SearchAction\",\"target\":{\"@type\":\"EntryPoint\",\"urlTemplate\":\"https:\/\/www.oticaleblon.com.br\/loja\/?s={search_term_string}\"},\"query-input\":\"required name=search_term_string\"}],\"inLanguage\":\"pt-BR\"},{\"@type\":\"ImageObject\",\"@id\":\"https:\/\/www.oticaleblon.com.br\/loja\/product\/oculos-quadrado-verde-transparente-leblon\/#primaryimage\",\"inLanguage\":\"pt-BR\",\"url\":\"https:\/\/www.oticaleblon.com.br\/loja\/wp-content\/uploads\/2024\/07\/XB2118-C5.png\",\"contentUrl\":\"https:\/\/www.oticaleblon.com.br\/loja\/wp-content\/uploads\/2024\/07\/XB2118-C5.png\",\"width\":1080,\"height\":1080},{\"@type\":\"WebPage\",\"@id\":\"https:\/\/www.oticaleblon.com.br\/loja\/product\/oculos-quadrado-verde-transparente-leblon\/#webpage\",\"url\":\"https:\/\/www.oticaleblon.com.br\/loja\/product\/oculos-quadrado-verde-transparente-leblon\/\",\"name\":\"\\u00d3culos Quadrado Verde Transparente - Leblon - \\u00d3tica Leblon\",\"isPartOf\":{\"@id\":\"https:\/\/www.oticaleblon.com.br\/loja\/#website\"},\"primaryImageOfPage\":{\"@id\":\"https:\/\/www.oticaleblon.com.br\/loja\/product\/oculos-quadrado-verde-transparente-leblon\/#primaryimage\"},\"datePublished\":\"2024-07-15T14:32:37+00:00\",\"dateModified\":\"2024-07-15T14:34:07+00:00\",\"description\":\"\\u00d3culos retangular preto em acetato para qualquer tipo de grau e que se adapta em qualquer tipo de rosto. A \\u00d3tica Leblon garante a qualidade do produto, produzidos geralmente em metal ou acetato.\",\"breadcrumb\":{\"@id\":\"https:\/\/www.oticaleblon.com.br\/loja\/product\/oculos-quadrado-verde-transparente-leblon\/#breadcrumb\"},\"inLanguage\":\"pt-BR\",\"potentialAction\":[{\"@type\":\"ReadAction\",\"target\":[\"https:\/\/www.oticaleblon.com.br\/loja\/product\/oculos-quadrado-verde-transparente-leblon\/\"]}]},{\"@type\":\"BreadcrumbList\",\"@id\":\"https:\/\/www.oticaleblon.com.br\/loja\/product\/oculos-quadrado-verde-transparente-leblon\/#breadcrumb\",\"itemListElement\":[{\"@type\":\"ListItem\",\"position\":1,\"name\":\"Home\",\"item\":\"https:\/\/www.oticaleblon.com.br\/loja\/\"},{\"@type\":\"ListItem\",\"position\":2,\"name\":\"Shop\",\"item\":\"https:\/\/www.oticaleblon.com.br\/loja\/shop\/\"},{\"@type\":\"ListItem\",\"position\":3,\"name\":\"\\u00d3culos Quadrado Verde Transparente &#8211; Leblon\"}]}]}<\/script>\n<!-- \/ Yoast SEO plugin. -->","yoast_head_json":{"title":"\u00d3culos Quadrado Verde Transparente - Leblon - \u00d3tica Leblon","description":"\u00d3culos retangular preto em acetato para qualquer tipo de grau e que se adapta em qualquer tipo de rosto. A \u00d3tica Leblon garante a qualidade do produto, produzidos geralmente em metal ou acetato.","robots":{"index":"index","follow":"follow","max-snippet":"max-snippet:-1","max-image-preview":"max-image-preview:large","max-video-preview":"max-video-preview:-1"},"canonical":"https:\/\/www.oticaleblon.com.br\/loja\/product\/oculos-quadrado-verde-transparente-leblon\/","og_locale":"pt_BR","og_type":"article","og_title":"\u00d3culos Quadrado Verde Transparente - Leblon - \u00d3tica Leblon","og_description":"\u00d3culos retangular preto em acetato para qualquer tipo de grau e que se adapta em qualquer tipo de rosto. A \u00d3tica Leblon garante a qualidade do produto, produzidos geralmente em metal ou acetato.","og_url":"https:\/\/www.oticaleblon.com.br\/loja\/product\/oculos-quadrado-verde-transparente-leblon\/","og_site_name":"\u00d3tica Leblon","article_modified_time":"2024-07-15T14:34:07+00:00","og_image":[{"width":1080,"height":1080,"url":"https:\/\/www.oticaleblon.com.br\/loja\/wp-content\/uploads\/2024\/07\/XB2118-C5.png","type":"image\/png"}],"twitter_card":"summary_large_image","twitter_misc":{"Est. tempo de leitura":"1 minuto"},"schema":{"@context":"https:\/\/schema.org","@graph":[{"@type":"WebSite","@id":"https:\/\/www.oticaleblon.com.br\/loja\/#website","url":"https:\/\/www.oticaleblon.com.br\/loja\/","name":"\u00d3tica Leblon","description":"Sua \u00d3tica na internet","potentialAction":[{"@type":"SearchAction","target":{"@type":"EntryPoint","urlTemplate":"https:\/\/www.oticaleblon.com.br\/loja\/?s={search_term_string}"},"query-input":"required name=search_term_string"}],"inLanguage":"pt-BR"},{"@type":"ImageObject","@id":"https:\/\/www.oticaleblon.com.br\/loja\/product\/oculos-quadrado-verde-transparente-leblon\/#primaryimage","inLanguage":"pt-BR","url":"https:\/\/www.oticaleblon.com.br\/loja\/wp-content\/uploads\/2024\/07\/XB2118-C5.png","contentUrl":"https:\/\/www.oticaleblon.com.br\/loja\/wp-content\/uploads\/2024\/07\/XB2118-C5.png","width":1080,"height":1080},{"@type":"WebPage","@id":"https:\/\/www.oticaleblon.com.br\/loja\/product\/oculos-quadrado-verde-transparente-leblon\/#webpage","url":"https:\/\/www.oticaleblon.com.br\/loja\/product\/oculos-quadrado-verde-transparente-leblon\/","name":"\u00d3culos Quadrado Verde Transparente - Leblon - \u00d3tica Leblon","isPartOf":{"@id":"https:\/\/www.oticaleblon.com.br\/loja\/#website"},"primaryImageOfPage":{"@id":"https:\/\/www.oticaleblon.com.br\/loja\/product\/oculos-quadrado-verde-transparente-leblon\/#primaryimage"},"datePublished":"2024-07-15T14:32:37+00:00","dateModified":"2024-07-15T14:34:07+00:00","description":"\u00d3culos retangular preto em acetato para qualquer tipo de grau e que se adapta em qualquer tipo de rosto. A \u00d3tica Leblon garante a qualidade do produto, produzidos geralmente em metal ou acetato.","breadcrumb":{"@id":"https:\/\/www.oticaleblon.com.br\/loja\/product\/oculos-quadrado-verde-transparente-leblon\/#breadcrumb"},"inLanguage":"pt-BR","potentialAction":[{"@type":"ReadAction","target":["https:\/\/www.oticaleblon.com.br\/loja\/product\/oculos-quadrado-verde-transparente-leblon\/"]}]},{"@type":"BreadcrumbList","@id":"https:\/\/www.oticaleblon.com.br\/loja\/product\/oculos-quadrado-verde-transparente-leblon\/#breadcrumb","itemListElement":[{"@type":"ListItem","position":1,"name":"Home","item":"https:\/\/www.oticaleblon.com.br\/loja\/"},{"@type":"ListItem","position":2,"name":"Shop","item":"https:\/\/www.oticaleblon.com.br\/loja\/shop\/"},{"@type":"ListItem","position":3,"name":"\u00d3culos Quadrado Verde Transparente &#8211; Leblon"}]}]}},"_links":{"self":[{"href":"https:\/\/www.oticaleblon.com.br\/loja\/wp-json\/wp\/v2\/product\/10764"}],"collection":[{"href":"https:\/\/www.oticaleblon.com.br\/loja\/wp-json\/wp\/v2\/product"}],"about":[{"href":"https:\/\/www.oticaleblon.com.br\/loja\/wp-json\/wp\/v2\/types\/product"}],"replies":[{"embeddable":true,"href":"https:\/\/www.oticaleblon.com.br\/loja\/wp-json\/wp\/v2\/comments?post=10764"}],"wp:featuredmedia":[{"embeddable":true,"href":"https:\/\/www.oticaleblon.com.br\/loja\/wp-json\/wp\/v2\/media\/10768"}],"wp:attachment":[{"href":"https:\/\/www.oticaleblon.com.br\/loja\/wp-json\/wp\/v2\/media?parent=10764"}],"wp:term":[{"taxonomy":"product_cat","embeddable":true,"href":"https:\/\/www.oticaleblon.com.br\/loja\/wp-json\/wp\/v2\/product_cat?post=10764"},{"taxonomy":"product_tag","embeddable":true,"href":"https:\/\/www.oticaleblon.com.br\/loja\/wp-json\/wp\/v2\/product_tag?post=10764"}],"curies":[{"name":"wp","href":"https:\/\/api.w.org\/{rel}","templated":true}]}}